{"id":922,"date":"2025-09-16T00:41:58","date_gmt":"2025-09-15T21:41:58","guid":{"rendered":"https:\/\/tarinapala.com\/?post_type=product&#038;p=922"},"modified":"2026-03-31T22:45:09","modified_gmt":"2026-03-31T19:45:09","slug":"nokipannupinssi","status":"publish","type":"product","link":"https:\/\/tarinapala.com\/fi\/product\/campfire-coffee-pot-pin\/","title":{"rendered":"Nokipannupinssi"},"content":{"rendered":"<ul>\n<li>Noin 31,8 \u00d7 23,76 mm.<\/li>\n<li>Pehme\u00e4 emali<\/li>\n<li>Butterfly-kiinnitys<\/li>\n<li>Suunniteltu Suomessa<\/li>\n<li>Rajoitettu painos, ker\u00e4ilyesine<\/li>\n<li>Mukana oma taustakortti, valmis lahjaksi<\/li>\n<\/ul>","protected":false},"excerpt":{"rendered":"<p data-start=\"48\" data-end=\"314\">Hiljaisten nuotiohetkien ja ulkona keitetyn kahvin innoittamana t\u00e4m\u00e4 on pieni ja n\u00e4ytt\u00e4v\u00e4 pinssi luonnon yst\u00e4ville, retkeilij\u00f6ille ja kaikille, jotka tuntevat olonsa kotoisaksi nuotion \u00e4\u00e4rell\u00e4.<\/p>","protected":false},"featured_media":2181,"comment_status":"closed","ping_status":"closed","template":"","meta":[],"product_brand":[],"product_cat":[15,197,265],"product_tag":[224,228,78,219,227,222,225,226],"class_list":{"0":"post-922","1":"product","2":"type-product","3":"status-publish","4":"has-post-thumbnail","6":"product_cat-pins","7":"product_cat-camping","8":"product_cat-finnish-nature","9":"product_tag-campfire-coffee-pot-pin","10":"product_tag-campfire-enamel-pin","11":"product_tag-enamel-pin","12":"product_tag-finnish-pin","13":"product_tag-hiking-gift","14":"product_tag-nature-inspired-pin","15":"product_tag-nokipannu-pin","16":"product_tag-outdoor-gift","18":"first","19":"instock","20":"shipping-taxable","21":"purchasable","22":"product-type-simple"},"_links":{"self":[{"href":"https:\/\/tarinapala.com\/fi\/wp-json\/wp\/v2\/product\/922","targetHints":{"allow":["GET"]}}],"collection":[{"href":"https:\/\/tarinapala.com\/fi\/wp-json\/wp\/v2\/product"}],"about":[{"href":"https:\/\/tarinapala.com\/fi\/wp-json\/wp\/v2\/types\/product"}],"replies":[{"embeddable":true,"href":"https:\/\/tarinapala.com\/fi\/wp-json\/wp\/v2\/comments?post=922"}],"wp:featuredmedia":[{"embeddable":true,"href":"https:\/\/tarinapala.com\/fi\/wp-json\/wp\/v2\/media\/2181"}],"wp:attachment":[{"href":"https:\/\/tarinapala.com\/fi\/wp-json\/wp\/v2\/media?parent=922"}],"wp:term":[{"taxonomy":"product_brand","embeddable":true,"href":"https:\/\/tarinapala.com\/fi\/wp-json\/wp\/v2\/product_brand?post=922"},{"taxonomy":"product_cat","embeddable":true,"href":"https:\/\/tarinapala.com\/fi\/wp-json\/wp\/v2\/product_cat?post=922"},{"taxonomy":"product_tag","embeddable":true,"href":"https:\/\/tarinapala.com\/fi\/wp-json\/wp\/v2\/product_tag?post=922"}],"curies":[{"name":"wp","href":"https:\/\/api.w.org\/{rel}","templated":true}]}}