{"id":824,"date":"2025-09-12T15:41:09","date_gmt":"2025-09-12T12:41:09","guid":{"rendered":"https:\/\/tarinapala.com\/?post_type=product&#038;p=824"},"modified":"2026-03-31T22:43:36","modified_gmt":"2026-03-31T19:43:36","slug":"ahven-pinssi","status":"publish","type":"product","link":"https:\/\/tarinapala.com\/fi\/product\/perch-enamel-pin\/","title":{"rendered":"Ahvenpinssi"},"content":{"rendered":"<ul>\n<li data-start=\"3022\" data-end=\"3176\">Noin 19,8 \u00d7 31,8 mm.<\/li>\n<li data-start=\"3022\" data-end=\"3176\">Pehme\u00e4 emali<\/li>\n<li data-start=\"3022\" data-end=\"3176\">Butterfly-kiinnitys<\/li>\n<li data-start=\"3022\" data-end=\"3176\">Suunniteltu Suomessa<\/li>\n<li data-start=\"3022\" data-end=\"3176\">Rajoitettu painos, ker\u00e4ilyesine<\/li>\n<li data-start=\"3022\" data-end=\"3176\">Mukana oma taustakortti, valmis lahjaksi<\/li>\n<\/ul>","protected":false},"excerpt":{"rendered":"<p data-start=\"30\" data-end=\"297\">T\u00e4m\u00e4 emalipinssi on saanut inspiraationsa ahvenen v\u00e4l\u00e4hdyksest\u00e4 kirkkaassa j\u00e4rvivedess\u00e4. Se tuo pienen j\u00e4rvimaiseman luonnon yst\u00e4ville ja kaikille, jotka tuntevat olonsa kotoisaksi veden \u00e4\u00e4rell\u00e4.<\/p>","protected":false},"featured_media":2185,"comment_status":"closed","ping_status":"closed","template":"","meta":[],"product_brand":[],"product_cat":[15,197,265],"product_tag":[232,78,219,231,230,222,58,229],"class_list":{"0":"post-824","1":"product","2":"type-product","3":"status-publish","4":"has-post-thumbnail","6":"product_cat-pins","7":"product_cat-camping","8":"product_cat-finnish-nature","9":"product_tag-ahven-pin","10":"product_tag-enamel-pin","11":"product_tag-finnish-pin","12":"product_tag-fishing-gift","13":"product_tag-lake-gift","14":"product_tag-nature-inspired-pin","15":"product_tag-perch-enamel-pin","16":"product_tag-perch-pin","18":"first","19":"instock","20":"shipping-taxable","21":"purchasable","22":"product-type-simple"},"_links":{"self":[{"href":"https:\/\/tarinapala.com\/fi\/wp-json\/wp\/v2\/product\/824","targetHints":{"allow":["GET"]}}],"collection":[{"href":"https:\/\/tarinapala.com\/fi\/wp-json\/wp\/v2\/product"}],"about":[{"href":"https:\/\/tarinapala.com\/fi\/wp-json\/wp\/v2\/types\/product"}],"replies":[{"embeddable":true,"href":"https:\/\/tarinapala.com\/fi\/wp-json\/wp\/v2\/comments?post=824"}],"wp:featuredmedia":[{"embeddable":true,"href":"https:\/\/tarinapala.com\/fi\/wp-json\/wp\/v2\/media\/2185"}],"wp:attachment":[{"href":"https:\/\/tarinapala.com\/fi\/wp-json\/wp\/v2\/media?parent=824"}],"wp:term":[{"taxonomy":"product_brand","embeddable":true,"href":"https:\/\/tarinapala.com\/fi\/wp-json\/wp\/v2\/product_brand?post=824"},{"taxonomy":"product_cat","embeddable":true,"href":"https:\/\/tarinapala.com\/fi\/wp-json\/wp\/v2\/product_cat?post=824"},{"taxonomy":"product_tag","embeddable":true,"href":"https:\/\/tarinapala.com\/fi\/wp-json\/wp\/v2\/product_tag?post=824"}],"curies":[{"name":"wp","href":"https:\/\/api.w.org\/{rel}","templated":true}]}}