{"id":78,"date":"2025-06-10T18:39:42","date_gmt":"2025-06-10T15:39:42","guid":{"rendered":"https:\/\/tarinapala.com\/?post_type=product&#038;p=78"},"modified":"2026-04-14T20:45:24","modified_gmt":"2026-04-14T17:45:24","slug":"herkkutatti-pinssi","status":"publish","type":"product","link":"https:\/\/tarinapala.com\/fi\/product\/porcini-enamel-pin\/","title":{"rendered":"Herkkutattipinssi"},"content":{"rendered":"<ul data-start=\"689\" data-end=\"851\">\n<li data-start=\"689\" data-end=\"709\">Noin 32 \u00d7 26 mm<\/li>\n<li data-start=\"710\" data-end=\"723\">Pehme\u00e4 emali<\/li>\n<li data-start=\"724\" data-end=\"752\">Butterfly-kiinnitys<\/li>\n<li data-start=\"753\" data-end=\"774\">Suunniteltu Suomessa<\/li>\n<li data-start=\"775\" data-end=\"804\">Rajoitettu painos, ker\u00e4ilyesine<\/li>\n<li data-start=\"805\" data-end=\"851\">Mukana oma taustakortti, valmis lahjaksi<\/li>\n<\/ul>","protected":false},"excerpt":{"rendered":"<p>T\u00e4m\u00e4 emalipinssi on saanut inspiraationsa mets\u00e4st\u00e4 l\u00f6ytyv\u00e4st\u00e4 aarteesta. Se on pieni ja kaunis pinssi sienien yst\u00e4ville ja metsiss\u00e4 samoajille.<\/p>","protected":false},"featured_media":2186,"comment_status":"closed","ping_status":"closed","template":"","meta":[],"product_brand":[],"product_cat":[15,265,195],"product_tag":[78,219,220,28,221,222,83],"class_list":{"0":"post-78","1":"product","2":"type-product","3":"status-publish","4":"has-post-thumbnail","6":"product_cat-pins","7":"product_cat-finnish-nature","8":"product_cat-mushrooms","9":"product_tag-enamel-pin","10":"product_tag-finnish-pin","11":"product_tag-forest-gift","12":"product_tag-mushroom-enamel-pin","13":"product_tag-mushroom-gift","14":"product_tag-nature-inspired-pin","15":"product_tag-porcini-pin","17":"first","18":"instock","19":"shipping-taxable","20":"purchasable","21":"product-type-simple"},"_links":{"self":[{"href":"https:\/\/tarinapala.com\/fi\/wp-json\/wp\/v2\/product\/78","targetHints":{"allow":["GET"]}}],"collection":[{"href":"https:\/\/tarinapala.com\/fi\/wp-json\/wp\/v2\/product"}],"about":[{"href":"https:\/\/tarinapala.com\/fi\/wp-json\/wp\/v2\/types\/product"}],"replies":[{"embeddable":true,"href":"https:\/\/tarinapala.com\/fi\/wp-json\/wp\/v2\/comments?post=78"}],"wp:featuredmedia":[{"embeddable":true,"href":"https:\/\/tarinapala.com\/fi\/wp-json\/wp\/v2\/media\/2186"}],"wp:attachment":[{"href":"https:\/\/tarinapala.com\/fi\/wp-json\/wp\/v2\/media?parent=78"}],"wp:term":[{"taxonomy":"product_brand","embeddable":true,"href":"https:\/\/tarinapala.com\/fi\/wp-json\/wp\/v2\/product_brand?post=78"},{"taxonomy":"product_cat","embeddable":true,"href":"https:\/\/tarinapala.com\/fi\/wp-json\/wp\/v2\/product_cat?post=78"},{"taxonomy":"product_tag","embeddable":true,"href":"https:\/\/tarinapala.com\/fi\/wp-json\/wp\/v2\/product_tag?post=78"}],"curies":[{"name":"wp","href":"https:\/\/api.w.org\/{rel}","templated":true}]}}