{"id":76,"date":"2025-06-10T17:13:23","date_gmt":"2025-06-10T14:13:23","guid":{"rendered":"https:\/\/tarinapala.com\/?post_type=product&#038;p=76"},"modified":"2026-04-10T15:54:32","modified_gmt":"2026-04-10T12:54:32","slug":"kantarellipinssi","status":"publish","type":"product","link":"https:\/\/tarinapala.com\/fi\/product\/chanterelle-enamel-pin\/","title":{"rendered":"Kantarellipinssi"},"content":{"rendered":"<ul>\n<li data-start=\"3359\" data-end=\"3509\">Noin 32 \u00d7 24 mm<\/li>\n<li data-start=\"3359\" data-end=\"3509\">Pehme\u00e4 emali<\/li>\n<li data-start=\"3359\" data-end=\"3509\">Butterfly-kiinnitys<\/li>\n<li data-start=\"3359\" data-end=\"3509\">Suunniteltu Suomessa<\/li>\n<li data-start=\"3359\" data-end=\"3509\">Rajoitettu painos, ker\u00e4ilyesine<\/li>\n<li data-start=\"3359\" data-end=\"3509\">Mukana oma taustakortti, valmis lahjaksi<\/li>\n<\/ul>","protected":false},"excerpt":{"rendered":"<p data-start=\"28\" data-end=\"241\">T\u00e4m\u00e4 emalipinssi on saanut inspiraationsa kanttarellien l\u00f6yt\u00e4misen ilosta mets\u00e4st\u00e4. Se on pieni kaunis pinssi sienien yst\u00e4ville ja metsiss\u00e4 samoajille.<\/p>","protected":false},"featured_media":2496,"comment_status":"closed","ping_status":"closed","template":"","meta":[],"product_brand":[],"product_cat":[15,265,195],"product_tag":[49,82,219,220,28,221,222],"class_list":{"0":"post-76","1":"product","2":"type-product","3":"status-publish","4":"has-post-thumbnail","6":"product_cat-pins","7":"product_cat-finnish-nature","8":"product_cat-mushrooms","9":"product_tag-chanterelle-enamel-pin","10":"product_tag-chanterelle-pin","11":"product_tag-finnish-pin","12":"product_tag-forest-gift","13":"product_tag-mushroom-enamel-pin","14":"product_tag-mushroom-gift","15":"product_tag-nature-inspired-pin","17":"first","18":"instock","19":"shipping-taxable","20":"purchasable","21":"product-type-simple"},"_links":{"self":[{"href":"https:\/\/tarinapala.com\/fi\/wp-json\/wp\/v2\/product\/76","targetHints":{"allow":["GET"]}}],"collection":[{"href":"https:\/\/tarinapala.com\/fi\/wp-json\/wp\/v2\/product"}],"about":[{"href":"https:\/\/tarinapala.com\/fi\/wp-json\/wp\/v2\/types\/product"}],"replies":[{"embeddable":true,"href":"https:\/\/tarinapala.com\/fi\/wp-json\/wp\/v2\/comments?post=76"}],"wp:featuredmedia":[{"embeddable":true,"href":"https:\/\/tarinapala.com\/fi\/wp-json\/wp\/v2\/media\/2496"}],"wp:attachment":[{"href":"https:\/\/tarinapala.com\/fi\/wp-json\/wp\/v2\/media?parent=76"}],"wp:term":[{"taxonomy":"product_brand","embeddable":true,"href":"https:\/\/tarinapala.com\/fi\/wp-json\/wp\/v2\/product_brand?post=76"},{"taxonomy":"product_cat","embeddable":true,"href":"https:\/\/tarinapala.com\/fi\/wp-json\/wp\/v2\/product_cat?post=76"},{"taxonomy":"product_tag","embeddable":true,"href":"https:\/\/tarinapala.com\/fi\/wp-json\/wp\/v2\/product_tag?post=76"}],"curies":[{"name":"wp","href":"https:\/\/api.w.org\/{rel}","templated":true}]}}