{"id":2253,"date":"2026-01-09T12:33:36","date_gmt":"2026-01-09T10:33:36","guid":{"rendered":"https:\/\/tarinapala.com\/?post_type=product&#038;p=2253"},"modified":"2026-04-01T22:57:24","modified_gmt":"2026-04-01T19:57:24","slug":"saunasetti","status":"publish","type":"product","link":"https:\/\/tarinapala.com\/fi\/product\/sauna-set\/","title":{"rendered":"Saunasetti"},"content":{"rendered":"<p data-start=\"1752\" data-end=\"2087\">Sauna-aika, Saunavihta, Saunanainen, Saunamies ja L\u00f6yly.<\/p>\r\n<ul>\r\n<li data-start=\"2106\" data-end=\"2290\">Sauna-aika: noin 26,3 \u00d7 31,8 mm<\/li>\r\n<li data-start=\"2106\" data-end=\"2290\">Saunavihta: n. 31,8 \u00d7 21,7 mm<\/li>\r\n<li data-start=\"2106\" data-end=\"2290\">Saunanainen: n. 28,5 \u00d7 25,4 mm<\/li>\r\n<li data-start=\"2106\" data-end=\"2290\">Saunamies: noin 31,8 \u00d7 23,9 mm<\/li>\r\n<li data-start=\"2106\" data-end=\"2290\">L\u00f6yly: n. 31,8 \u00d7 22,5 mm<\/li>\r\n<li data-start=\"2292\" data-end=\"2446\">Pehme\u00e4 emali<\/li>\r\n<li data-start=\"2292\" data-end=\"2446\">Butterfly-kiinnitys<\/li>\r\n<li data-start=\"2292\" data-end=\"2446\">Suunniteltu Suomessa<\/li>\r\n<li data-start=\"2292\" data-end=\"2446\">Rajoitettu painos, ker\u00e4ilyesine<\/li>\r\n<li data-start=\"2292\" data-end=\"2446\">Jokaisen pinssin mukana tulee oma taustakortti, valmis lahjaksi.<\/li>\r\n<\/ul>","protected":false},"excerpt":{"rendered":"<p data-start=\"137\" data-end=\"379\">Viiden emalipinssin setti, joka on saanut inspiraationsa suomalaisen saunan hiljaisesta rituaalista. Pieni\u00e4 muistutuksia l\u00e4mm\u00f6st\u00e4, l\u00f6ylyst\u00e4 ja sen j\u00e4lkeisest\u00e4 rauhasta. Sis\u00e4lt\u00e4\u00e4 viisi pinssi\u00e4 pakettihintaan.<\/p>\n<p data-start=\"368\" data-end=\"387\">\u00a0<\/p>","protected":false},"featured_media":2555,"comment_status":"closed","ping_status":"closed","template":"","meta":[],"product_brand":[],"product_cat":[264],"product_tag":[237,214,241,246,244,247,245],"class_list":{"0":"post-2253","1":"product","2":"type-product","3":"status-publish","4":"has-post-thumbnail","6":"product_cat-offers","7":"product_tag-designed-in-finland","8":"product_tag-enamel-pin-set","9":"product_tag-finnish-pin-set","10":"product_tag-finnish-sauna-gift","11":"product_tag-sauna-enamel-pin-set","12":"product_tag-sauna-lover-gift","13":"product_tag-sauna-pins","15":"first","16":"instock","17":"sale","18":"shipping-taxable","19":"purchasable","20":"product-type-woosb"},"_links":{"self":[{"href":"https:\/\/tarinapala.com\/fi\/wp-json\/wp\/v2\/product\/2253","targetHints":{"allow":["GET"]}}],"collection":[{"href":"https:\/\/tarinapala.com\/fi\/wp-json\/wp\/v2\/product"}],"about":[{"href":"https:\/\/tarinapala.com\/fi\/wp-json\/wp\/v2\/types\/product"}],"replies":[{"embeddable":true,"href":"https:\/\/tarinapala.com\/fi\/wp-json\/wp\/v2\/comments?post=2253"}],"wp:featuredmedia":[{"embeddable":true,"href":"https:\/\/tarinapala.com\/fi\/wp-json\/wp\/v2\/media\/2555"}],"wp:attachment":[{"href":"https:\/\/tarinapala.com\/fi\/wp-json\/wp\/v2\/media?parent=2253"}],"wp:term":[{"taxonomy":"product_brand","embeddable":true,"href":"https:\/\/tarinapala.com\/fi\/wp-json\/wp\/v2\/product_brand?post=2253"},{"taxonomy":"product_cat","embeddable":true,"href":"https:\/\/tarinapala.com\/fi\/wp-json\/wp\/v2\/product_cat?post=2253"},{"taxonomy":"product_tag","embeddable":true,"href":"https:\/\/tarinapala.com\/fi\/wp-json\/wp\/v2\/product_tag?post=2253"}],"curies":[{"name":"wp","href":"https:\/\/api.w.org\/{rel}","templated":true}]}}