{"id":2207,"date":"2026-01-16T17:32:25","date_gmt":"2026-01-16T15:32:25","guid":{"rendered":"https:\/\/tarinapala.com\/?post_type=product&#038;p=2207"},"modified":"2026-04-12T18:48:46","modified_gmt":"2026-04-12T15:48:46","slug":"sienisetti","status":"publish","type":"product","link":"https:\/\/tarinapala.com\/fi\/product\/mushroom-enamel-pins-set\/","title":{"rendered":"Sienisetti"},"content":{"rendered":"<p data-start=\"1457\" data-end=\"1743\">K\u00e4rp\u00e4ssieni, herkkutatti ja kantarelli.<\/p>\n<ul data-start=\"1765\" data-end=\"1956\">\n<li data-start=\"1798\" data-end=\"1827\">K\u00e4rp\u00e4ssieni: noin 28 \u00d7 21 mm.<\/li>\n<li data-start=\"1798\" data-end=\"1827\">Herkkutatti: noin 32 \u00d7 26 mm.<\/li>\n<li data-start=\"1828\" data-end=\"1861\">Kanttarelli: noin 32 \u00d7 24 mm.<\/li>\n<li data-start=\"1862\" data-end=\"1875\">Emalipinssi<\/li>\n<li data-start=\"1876\" data-end=\"1904\">Butterfly-kiinnitys<\/li>\n<li data-start=\"1905\" data-end=\"1926\">Suunniteltu Suomessa<\/li>\n<li data-start=\"1927\" data-end=\"1956\">Rajoitettu painos, ker\u00e4ilyesine<\/li>\n<\/ul>\n<p data-start=\"1958\" data-end=\"2022\">Jokaisen pinssin mukana tulee oma taustakortti, joka on valmis lahjaksi.<\/p>","protected":false},"excerpt":{"rendered":"<p data-start=\"464\" data-end=\"675\">Kolmen emalipinssin setti, joka on saanut inspiraationsa rakastetuista mets\u00e4sienist\u00e4: k\u00e4rp\u00e4ssienest\u00e4, herkkutatista ja kantarellista. Ker\u00e4ilysarja sienten yst\u00e4ville, metsiss\u00e4 samoilijoille ja huomaavaisille lahjan antajille.<\/p>","protected":false},"featured_media":2553,"comment_status":"closed","ping_status":"closed","template":"","meta":[],"product_brand":[],"product_cat":[15],"product_tag":[82,214,217,216,215,218,213,83],"class_list":{"0":"post-2207","1":"product","2":"type-product","3":"status-publish","4":"has-post-thumbnail","6":"product_cat-pins","7":"product_tag-chanterelle-pin","8":"product_tag-enamel-pin-set","9":"product_tag-finnish-enamel-pins","10":"product_tag-fly-agaric-pin","11":"product_tag-forest-pins","12":"product_tag-gift-for-mushroom-lovers","13":"product_tag-mushroom-enamel-pins","14":"product_tag-porcini-pin","16":"first","17":"instock","18":"sale","19":"shipping-taxable","20":"purchasable","21":"product-type-woosb"},"_links":{"self":[{"href":"https:\/\/tarinapala.com\/fi\/wp-json\/wp\/v2\/product\/2207","targetHints":{"allow":["GET"]}}],"collection":[{"href":"https:\/\/tarinapala.com\/fi\/wp-json\/wp\/v2\/product"}],"about":[{"href":"https:\/\/tarinapala.com\/fi\/wp-json\/wp\/v2\/types\/product"}],"replies":[{"embeddable":true,"href":"https:\/\/tarinapala.com\/fi\/wp-json\/wp\/v2\/comments?post=2207"}],"wp:featuredmedia":[{"embeddable":true,"href":"https:\/\/tarinapala.com\/fi\/wp-json\/wp\/v2\/media\/2553"}],"wp:attachment":[{"href":"https:\/\/tarinapala.com\/fi\/wp-json\/wp\/v2\/media?parent=2207"}],"wp:term":[{"taxonomy":"product_brand","embeddable":true,"href":"https:\/\/tarinapala.com\/fi\/wp-json\/wp\/v2\/product_brand?post=2207"},{"taxonomy":"product_cat","embeddable":true,"href":"https:\/\/tarinapala.com\/fi\/wp-json\/wp\/v2\/product_cat?post=2207"},{"taxonomy":"product_tag","embeddable":true,"href":"https:\/\/tarinapala.com\/fi\/wp-json\/wp\/v2\/product_tag?post=2207"}],"curies":[{"name":"wp","href":"https:\/\/api.w.org\/{rel}","templated":true}]}}