{"id":1737,"date":"2025-11-11T20:32:21","date_gmt":"2025-11-11T18:32:21","guid":{"rendered":"https:\/\/tarinapala.com\/?post_type=product&#038;p=1737"},"modified":"2026-03-31T22:24:31","modified_gmt":"2026-03-31T19:24:31","slug":"saunanainenpinssi","status":"publish","type":"product","link":"https:\/\/tarinapala.com\/fi\/product\/sauna-woman-enamel-pin\/","title":{"rendered":"Saunanainenpinssi"},"content":{"rendered":"<ul>\n<li data-start=\"1209\" data-end=\"1367\">Noin 28,5 \u00d7 25,4 mm<\/li>\n<li data-start=\"1209\" data-end=\"1367\">Pehme\u00e4 emali<\/li>\n<li data-start=\"1209\" data-end=\"1367\">Butterfly-kiinnitys<\/li>\n<li data-start=\"1209\" data-end=\"1367\">Suunniteltu Suomessa<\/li>\n<li data-start=\"1209\" data-end=\"1367\">Rajoitettu painos, ker\u00e4ilyesine<\/li>\n<li data-start=\"1209\" data-end=\"1367\">Sis\u00e4lt\u00e4\u00e4 oman taustakortin, valmis lahjaksi.<\/li>\n<\/ul>","protected":false},"excerpt":{"rendered":"<p data-start=\"2372\" data-end=\"2672\">Rauhallisten l\u00f6ylyhetkien inspiroima. T\u00e4m\u00e4 emalipinssi vangitsee sen hetken kun istut paikallaan saunan l\u00e4mm\u00f6ss\u00e4 vihtaa k\u00e4dess\u00e4ai pit\u00e4en, ilman stressi\u00e4.<\/p>","protected":false},"featured_media":2178,"comment_status":"closed","ping_status":"closed","template":"","meta":[],"product_brand":[],"product_cat":[15,194],"product_tag":[237,78,251,252,256,255],"class_list":{"0":"post-1737","1":"product","2":"type-product","3":"status-publish","4":"has-post-thumbnail","6":"product_cat-pins","7":"product_cat-sauna","8":"product_tag-designed-in-finland","9":"product_tag-enamel-pin","10":"product_tag-finnish-sauna-pin","11":"product_tag-sauna-gift","12":"product_tag-sauna-woman-enamel-pin","13":"product_tag-sauna-woman-pin","15":"first","16":"instock","17":"shipping-taxable","18":"purchasable","19":"product-type-simple"},"_links":{"self":[{"href":"https:\/\/tarinapala.com\/fi\/wp-json\/wp\/v2\/product\/1737","targetHints":{"allow":["GET"]}}],"collection":[{"href":"https:\/\/tarinapala.com\/fi\/wp-json\/wp\/v2\/product"}],"about":[{"href":"https:\/\/tarinapala.com\/fi\/wp-json\/wp\/v2\/types\/product"}],"replies":[{"embeddable":true,"href":"https:\/\/tarinapala.com\/fi\/wp-json\/wp\/v2\/comments?post=1737"}],"wp:featuredmedia":[{"embeddable":true,"href":"https:\/\/tarinapala.com\/fi\/wp-json\/wp\/v2\/media\/2178"}],"wp:attachment":[{"href":"https:\/\/tarinapala.com\/fi\/wp-json\/wp\/v2\/media?parent=1737"}],"wp:term":[{"taxonomy":"product_brand","embeddable":true,"href":"https:\/\/tarinapala.com\/fi\/wp-json\/wp\/v2\/product_brand?post=1737"},{"taxonomy":"product_cat","embeddable":true,"href":"https:\/\/tarinapala.com\/fi\/wp-json\/wp\/v2\/product_cat?post=1737"},{"taxonomy":"product_tag","embeddable":true,"href":"https:\/\/tarinapala.com\/fi\/wp-json\/wp\/v2\/product_tag?post=1737"}],"curies":[{"name":"wp","href":"https:\/\/api.w.org\/{rel}","templated":true}]}}