{"id":1735,"date":"2025-11-11T20:06:59","date_gmt":"2025-11-11T18:06:59","guid":{"rendered":"https:\/\/tarinapala.com\/?post_type=product&#038;p=1735"},"modified":"2026-03-31T22:27:12","modified_gmt":"2026-03-31T19:27:12","slug":"sauna-aikapinssi","status":"publish","type":"product","link":"https:\/\/tarinapala.com\/fi\/product\/sauna-time-enamel-pin\/","title":{"rendered":"Sauna-aikapinssi"},"content":{"rendered":"<ul>\n<li data-start=\"1296\" data-end=\"1454\">Noin 26,3 \u00d7 31,8 mm<\/li>\n<li data-start=\"1296\" data-end=\"1454\">Butterfly-kiinnitys<\/li>\n<li data-start=\"1296\" data-end=\"1454\">Suunniteltu Suomessa<\/li>\n<li data-start=\"1296\" data-end=\"1454\">Rajoitettu painos, ker\u00e4ilyesine<\/li>\n<li data-start=\"1296\" data-end=\"1454\">Sis\u00e4lt\u00e4\u00e4 oman taustakortin, valmis lahjaksi.<\/li>\n<\/ul>\n<p data-start=\"1456\" data-end=\"1591\">","protected":false},"excerpt":{"rendered":"<p data-start=\"1031\" data-end=\"1373\">T\u00e4m\u00e4 emalipinssi on saanut inspiraationsa hiljaisesta saunahetkest\u00e4. Siin\u00e4 yhdistyv\u00e4t saunapenkki, l\u00f6ylykauha ja vihta yhdeksi pieneksi muistoksi l\u00e4mm\u00f6st\u00e4 ja rauhasta.<\/p>","protected":false},"featured_media":2180,"comment_status":"closed","ping_status":"closed","template":"","meta":[],"product_brand":[],"product_cat":[15,194],"product_tag":[237,78,251,261,252,260],"class_list":{"0":"post-1735","1":"product","2":"type-product","3":"status-publish","4":"has-post-thumbnail","6":"product_cat-pins","7":"product_cat-sauna","8":"product_tag-designed-in-finland","9":"product_tag-enamel-pin","10":"product_tag-finnish-sauna-pin","11":"product_tag-sauna-enamel-pin","12":"product_tag-sauna-gift","13":"product_tag-sauna-time-pin","15":"first","16":"instock","17":"shipping-taxable","18":"purchasable","19":"product-type-simple"},"_links":{"self":[{"href":"https:\/\/tarinapala.com\/fi\/wp-json\/wp\/v2\/product\/1735","targetHints":{"allow":["GET"]}}],"collection":[{"href":"https:\/\/tarinapala.com\/fi\/wp-json\/wp\/v2\/product"}],"about":[{"href":"https:\/\/tarinapala.com\/fi\/wp-json\/wp\/v2\/types\/product"}],"replies":[{"embeddable":true,"href":"https:\/\/tarinapala.com\/fi\/wp-json\/wp\/v2\/comments?post=1735"}],"wp:featuredmedia":[{"embeddable":true,"href":"https:\/\/tarinapala.com\/fi\/wp-json\/wp\/v2\/media\/2180"}],"wp:attachment":[{"href":"https:\/\/tarinapala.com\/fi\/wp-json\/wp\/v2\/media?parent=1735"}],"wp:term":[{"taxonomy":"product_brand","embeddable":true,"href":"https:\/\/tarinapala.com\/fi\/wp-json\/wp\/v2\/product_brand?post=1735"},{"taxonomy":"product_cat","embeddable":true,"href":"https:\/\/tarinapala.com\/fi\/wp-json\/wp\/v2\/product_cat?post=1735"},{"taxonomy":"product_tag","embeddable":true,"href":"https:\/\/tarinapala.com\/fi\/wp-json\/wp\/v2\/product_tag?post=1735"}],"curies":[{"name":"wp","href":"https:\/\/api.w.org\/{rel}","templated":true}]}}