{"id":1725,"date":"2025-11-11T21:31:36","date_gmt":"2025-11-11T19:31:36","guid":{"rendered":"https:\/\/tarinapala.com\/?post_type=product&#038;p=1725"},"modified":"2026-03-31T22:29:27","modified_gmt":"2026-03-31T19:29:27","slug":"saunavihtapinssi","status":"publish","type":"product","link":"https:\/\/tarinapala.com\/fi\/product\/sauna-whisk-enamel-pin\/","title":{"rendered":"Saunavihtapinssi"},"content":{"rendered":"<ul>\n<li>Noin 31,8 \u00d7 21,7 mm<\/li>\n<li data-start=\"2656\" data-end=\"2814\">Emalipinssi<\/li>\n<li data-start=\"2656\" data-end=\"2814\">Butterfly-kiinnitys<\/li>\n<li data-start=\"2656\" data-end=\"2814\">Suunniteltu Suomessa<\/li>\n<li data-start=\"2656\" data-end=\"2814\">Rajoitettu painos, ker\u00e4ilyesine<\/li>\n<li data-start=\"2656\" data-end=\"2814\">Sis\u00e4lt\u00e4\u00e4 oman taustakortin, valmis lahjaksi.<\/li>\n<\/ul>","protected":false},"excerpt":{"rendered":"<p data-start=\"2176\" data-end=\"2313\">Suomalaisen saunavihdan inspiroima. T\u00e4m\u00e4 emalinen pinssi on pieni muistutus koivunlehvist\u00e4, l\u00e4mpim\u00e4st\u00e4 l\u00f6ylyst\u00e4 ja kes\u00e4saunan tuoksusta.<\/p>","protected":false},"featured_media":2177,"comment_status":"closed","ping_status":"closed","template":"","meta":[],"product_brand":[],"product_cat":[15,194],"product_tag":[237,78,251,252,249,248,250],"class_list":{"0":"post-1725","1":"product","2":"type-product","3":"status-publish","4":"has-post-thumbnail","6":"product_cat-pins","7":"product_cat-sauna","8":"product_tag-designed-in-finland","9":"product_tag-enamel-pin","10":"product_tag-finnish-sauna-pin","11":"product_tag-sauna-gift","12":"product_tag-sauna-whisk-enamel-pin","13":"product_tag-sauna-whisk-pin","14":"product_tag-vihta-pin","16":"first","17":"instock","18":"shipping-taxable","19":"purchasable","20":"product-type-simple"},"_links":{"self":[{"href":"https:\/\/tarinapala.com\/fi\/wp-json\/wp\/v2\/product\/1725","targetHints":{"allow":["GET"]}}],"collection":[{"href":"https:\/\/tarinapala.com\/fi\/wp-json\/wp\/v2\/product"}],"about":[{"href":"https:\/\/tarinapala.com\/fi\/wp-json\/wp\/v2\/types\/product"}],"replies":[{"embeddable":true,"href":"https:\/\/tarinapala.com\/fi\/wp-json\/wp\/v2\/comments?post=1725"}],"wp:featuredmedia":[{"embeddable":true,"href":"https:\/\/tarinapala.com\/fi\/wp-json\/wp\/v2\/media\/2177"}],"wp:attachment":[{"href":"https:\/\/tarinapala.com\/fi\/wp-json\/wp\/v2\/media?parent=1725"}],"wp:term":[{"taxonomy":"product_brand","embeddable":true,"href":"https:\/\/tarinapala.com\/fi\/wp-json\/wp\/v2\/product_brand?post=1725"},{"taxonomy":"product_cat","embeddable":true,"href":"https:\/\/tarinapala.com\/fi\/wp-json\/wp\/v2\/product_cat?post=1725"},{"taxonomy":"product_tag","embeddable":true,"href":"https:\/\/tarinapala.com\/fi\/wp-json\/wp\/v2\/product_tag?post=1725"}],"curies":[{"name":"wp","href":"https:\/\/api.w.org\/{rel}","templated":true}]}}