{"id":1723,"date":"2025-11-10T15:38:09","date_gmt":"2025-11-10T13:38:09","guid":{"rendered":"https:\/\/tarinapala.com\/?post_type=product&#038;p=1723"},"modified":"2026-03-31T22:46:21","modified_gmt":"2026-03-31T19:46:21","slug":"karpassienipinssi","status":"publish","type":"product","link":"https:\/\/tarinapala.com\/fi\/product\/fly-agaric-enamel-pin\/","title":{"rendered":"K\u00e4rp\u00e4ssienipinssi"},"content":{"rendered":"<ul>\n<li data-start=\"2926\" data-end=\"3076\">Noin 28 \u00d7 21 mm<\/li>\n<li data-start=\"2926\" data-end=\"3076\">Pehme\u00e4 emali<\/li>\n<li data-start=\"2926\" data-end=\"3076\">Butterfly-kiinnitys<\/li>\n<li data-start=\"2926\" data-end=\"3076\">Suunniteltu Suomessa<\/li>\n<li data-start=\"2926\" data-end=\"3076\">Rajoitettu painos, ker\u00e4ilyesine<\/li>\n<li data-start=\"2926\" data-end=\"3076\">Mukana oma taustakortti, valmis lahjaksi<\/li>\n<\/ul>","protected":false},"excerpt":{"rendered":"<p>Kukapa ei olisi piirt\u00e4nyt t\u00e4t\u00e4 pient\u00e4 punaista sient\u00e4 ainakin kerran lapsena? T\u00e4m\u00e4 emalipinssi on saanut inspiraationsa k\u00e4rp\u00e4ssienen leikkis\u00e4st\u00e4 vieh\u00e4tyksest\u00e4. Se on pieni mets\u00e4muisto, jota voit kantaa mukanasi.<\/p>","protected":false},"featured_media":2183,"comment_status":"closed","ping_status":"closed","template":"","meta":[],"product_brand":[],"product_cat":[15,265,195],"product_tag":[219,100,216,220,28,222,223],"class_list":{"0":"post-1723","1":"product","2":"type-product","3":"status-publish","4":"has-post-thumbnail","6":"product_cat-pins","7":"product_cat-finnish-nature","8":"product_cat-mushrooms","9":"product_tag-finnish-pin","10":"product_tag-fly-agaric-enamel-pin","11":"product_tag-fly-agaric-pin","12":"product_tag-forest-gift","13":"product_tag-mushroom-enamel-pin","14":"product_tag-nature-inspired-pin","15":"product_tag-red-mushroom-pin","17":"first","18":"instock","19":"shipping-taxable","20":"purchasable","21":"product-type-simple"},"_links":{"self":[{"href":"https:\/\/tarinapala.com\/fi\/wp-json\/wp\/v2\/product\/1723","targetHints":{"allow":["GET"]}}],"collection":[{"href":"https:\/\/tarinapala.com\/fi\/wp-json\/wp\/v2\/product"}],"about":[{"href":"https:\/\/tarinapala.com\/fi\/wp-json\/wp\/v2\/types\/product"}],"replies":[{"embeddable":true,"href":"https:\/\/tarinapala.com\/fi\/wp-json\/wp\/v2\/comments?post=1723"}],"wp:featuredmedia":[{"embeddable":true,"href":"https:\/\/tarinapala.com\/fi\/wp-json\/wp\/v2\/media\/2183"}],"wp:attachment":[{"href":"https:\/\/tarinapala.com\/fi\/wp-json\/wp\/v2\/media?parent=1723"}],"wp:term":[{"taxonomy":"product_brand","embeddable":true,"href":"https:\/\/tarinapala.com\/fi\/wp-json\/wp\/v2\/product_brand?post=1723"},{"taxonomy":"product_cat","embeddable":true,"href":"https:\/\/tarinapala.com\/fi\/wp-json\/wp\/v2\/product_cat?post=1723"},{"taxonomy":"product_tag","embeddable":true,"href":"https:\/\/tarinapala.com\/fi\/wp-json\/wp\/v2\/product_tag?post=1723"}],"curies":[{"name":"wp","href":"https:\/\/api.w.org\/{rel}","templated":true}]}}