{"id":147,"date":"2025-06-14T11:16:24","date_gmt":"2025-06-14T08:16:24","guid":{"rendered":"https:\/\/tarinapala.com\/?page_id=147"},"modified":"2026-04-06T19:54:25","modified_gmt":"2026-04-06T16:54:25","slug":"meista","status":"publish","type":"page","link":"https:\/\/tarinapala.com\/fi\/about\/","title":{"rendered":"Meist\u00e4"},"content":{"rendered":"<div class=\"et_pb_section_0 et_pb_section et_section_regular et_flex_section\">\n<div class=\"et_pb_row_0 et_pb_row et_flex_row preset--module--divi-row--default\">\n<div class=\"et_pb_column_0 et_pb_column et_flex_column et_pb_css_mix_blend_mode_passthrough et_flex_column_16_24 et_flex_column_16_24_tablet et_flex_column_24_24_phone\">\n<div class=\"et_pb_text_0 et_pb_text et_pb_bg_layout_light et_pb_module et_flex_module preset--module--divi-text--default\"><div class=\"et_pb_text_inner\"><h2>Pieni pala <em>minun tarinani<\/em><\/h2>\n<\/div><\/div>\n\n<div class=\"et_pb_text_1 et_pb_text et_pb_bg_layout_light et_pb_module et_block_module preset--module--divi-text--default\"><div class=\"et_pb_text_inner\"><blockquote>\n<p data-start=\"272\" data-end=\"370\"><strong>Hei, olen Giuliana<\/strong>, kolumbialainen, joka on asunut Suomessa viime vuodet.<\/p>\n<p data-start=\"272\" data-end=\"370\" class=\"translation-block\">Monet asiat uudessa suomalaisessa el\u00e4m\u00e4ss\u00e4ni ovat olleet rakkautta ensisilm\u00e4yksell\u00e4: makkaranpaisto nuotiolla, uusien sienilajien l\u00f6yt\u00e4minen joka vuosi, sauna ja avanto\u2026 ja tietenkin Petri, suomalainen mieheni. Ihan kaikki ei ole ollut helppoa (esim suomenkielen oppiminen on viel\u00e4 ty\u00f6n alla), mutta moni asia on tuntunut heti luonnolliselta ja omalta ja helpolta rakastaa.<\/p>\n<p data-start=\"770\" data-end=\"1036\">Perustin Tarinapalan juhlistamaan pieni\u00e4 simppeleit\u00e4  asioita, joilla on paljon merkityst\u00e4: luontoa, kulttuuria ja ruokaa. Jokainen pinssi on suunniteltu huolella ja saanut inspiraationsa el\u00e4m\u00e4st\u00e4 t\u00e4\u00e4ll\u00e4: kantarellien etsinn\u00e4st\u00e4, mets\u00e4k\u00e4velyist\u00e4, saunaperinteist\u00e4 ja niist\u00e4 hiljaisista hetkist\u00e4, jotka kertovat paljon ilman sanoja.<\/p>\n<p data-start=\"1038\" data-end=\"1154\">Asun Tampereella, ja jokainen tuote on minulle henkil\u00f6kohtainen. Uskon ajatuksella annettuihin lahjoihin, pieniin yksityiskohtiin ja tarinoihin, joita voi kantaa mukanaan.<\/p>\n<p data-start=\"1156\" data-end=\"1277\">Tarinapala tarkoittaa suomeksi \u201cpala tarinaa\u201d. Juuri sellaiselta haluan sen tuntuvan: yksinkertaiselta, iloiselta ja merkitykselliselt\u00e4.<\/p>\n<p data-start=\"1279\" data-end=\"1303\">Kiitos, ett\u00e4 olet t\u00e4\u00e4ll\u00e4!<\/p>\n<\/blockquote>\n<\/div><\/div>\n\n<div class=\"et_pb_module et_pb_button_module_wrapper et_pb_button_0_wrapper preset--module--divi-button--default_wrapper\"><a class=\"et_pb_button_0 et_pb_button et_pb_bg_layout_dark et_animated et_pb_module et_flex_module preset--module--divi-button--default\" href=\"https:\/\/tarinapala.com\/fi\/kauppa\/\" data-icon=\"$\">Osta pinssej\u00e4<\/a><\/div>\n<\/div>\n\n<div class=\"et_pb_column_1 et_pb_column et-last-child et_flex_column et_pb_css_mix_blend_mode_passthrough et_flex_column_8_24 et_flex_column_8_24_tablet et_flex_column_24_24_phone\">\n<div class=\"et_pb_image_0 et_pb_image et_pb_module et_block_module\"><span class=\"et_pb_image_wrap\"><img loading=\"lazy\" decoding=\"async\" src=\"https:\/\/tarinapala.com\/wp-content\/uploads\/2025\/12\/161A1419-scaled.webp\" title=\"161A1419\" width=\"1707\" height=\"2560\" class=\"wp-image-2034\" \/><\/span><\/div>\n<\/div>\n<\/div>\n<\/div>","protected":false},"excerpt":{"rendered":"","protected":false},"author":1,"featured_media":0,"parent":0,"menu_order":0,"comment_status":"closed","ping_status":"closed","template":"","meta":{"footnotes":""},"class_list":["post-147","page","type-page","status-publish","hentry"],"_links":{"self":[{"href":"https:\/\/tarinapala.com\/fi\/wp-json\/wp\/v2\/pages\/147","targetHints":{"allow":["GET"]}}],"collection":[{"href":"https:\/\/tarinapala.com\/fi\/wp-json\/wp\/v2\/pages"}],"about":[{"href":"https:\/\/tarinapala.com\/fi\/wp-json\/wp\/v2\/types\/page"}],"author":[{"embeddable":true,"href":"https:\/\/tarinapala.com\/fi\/wp-json\/wp\/v2\/users\/1"}],"replies":[{"embeddable":true,"href":"https:\/\/tarinapala.com\/fi\/wp-json\/wp\/v2\/comments?post=147"}],"version-history":[{"count":0,"href":"https:\/\/tarinapala.com\/fi\/wp-json\/wp\/v2\/pages\/147\/revisions"}],"wp:attachment":[{"href":"https:\/\/tarinapala.com\/fi\/wp-json\/wp\/v2\/media?parent=147"}],"curies":[{"name":"wp","href":"https:\/\/api.w.org\/{rel}","templated":true}]}}